{"id":2940,"date":"2021-03-23T10:47:05","date_gmt":"2021-03-23T09:47:05","guid":{"rendered":"https:\/\/www.carkit24.com\/?page_id=2940"},"modified":"2022-02-10T16:57:04","modified_gmt":"2022-02-10T15:57:04","slug":"faq","status":"publish","type":"page","link":"https:\/\/www.carkit24.com\/en\/faq\/","title":{"rendered":"FAQ"},"content":{"rendered":"<div class=\"gb-container gb-container-af606bd2\"><div class=\"gb-inside-container\">\n\n<div class=\"wp-block-columns is-layout-flex wp-container-core-columns-is-layout-9d6595d7 wp-block-columns-is-layout-flex\">\n<div class=\"wp-block-column is-layout-flow wp-block-column-is-layout-flow\">\n<h2 class=\"wp-block-heading\">H\u00e4ufige Fragen<\/h2>\n\n\n\n<details>\n<summary>Was ist CarKit24?<\/summary>\nCarKit24 ist eine Webanwendung, die entwickelt wurde, um die Reparatur-Abwicklung in Kfz-Werkst\u00e4tten zu vereinfachen und zu verbessern.\nVon der Fahrzeug-Identifizierung, \u00fcber die pr\u00e4zise Ermittlung <u>passender<\/u> Ersatzteile bis hin zur Erstellung eines Kostenvoranschlags und der Teilebestellung. Benutzerfreundlich, einfach und schnell.\n<\/details>\n\n\n\n<details>\n<summary>Wie unterscheidet sich CarKit24 von klassischen Teilekatalogen?<\/summary>\nWir pr\u00fcfen markt\u00fcbliche Teiledaten zus\u00e4tzlich auf Passgenauigkeit und zeigen dir nur die Teile, die tats\u00e4chlich zum Fahrzeug passen.\nStatt langer Listen mit vielen Ergebnissen erh\u00e4ltst du eine Auswahl der besten Treffer. \nF\u00fcr h\u00e4ufige Reparaturf\u00e4lle wie Verschlei\u00dfteile, stellt CarKit24 automatisch die Daten f\u00fcr alle ben\u00f6tigten Teile, inklusive der Arbeitswerte mit nur einem Klick zusammen.\n <a href=\"\/en\/tour\/#partfinder\">Find out more<\/a>\n<\/details>\n\n\n\n<details>\n<summary>Kann ich mein DMS weiterhin verwenden?<\/summary>\nJa. CarKit24 ersetzt nicht das Dealer-Management-System sondern unterst\u00fctzt Werkst\u00e4tten im Bereich der Teileermittlung und Reparaturkalkulation.\nEs ist somit keine Systemumstellung erforderlich.\n<\/details>\n\n\n\n<details>\n<summary>Kann ich CarKit24 auf mehreren Ger\u00e4ten gleichzeitig nutzen?<\/summary>\nJa, CarKit24 kann im Basistarif pro Werkstatt auf bis zu 10 Ger\u00e4ten gleichzeitig genutzt werden.\nSolltest du zus\u00e4tzliche Instanzen ben\u00f6tigen, wende dich bitte per E-Mail an unser Support-Team: support@carkit24.com\n<\/details>\n\n\n\n<details>\n<summary>Gibt es eine Mindestvertragslaufzeit?<\/summary>\nWir m\u00f6chten die Nutzung von CarKit24 so flexibel wie m\u00f6glich gestalten. Daher ist die Nutzung monatlich k\u00fcndbar, ohne lange Vertragslaufzeit.\n<\/details>\n\n\n\n<details>\n<summary>Wie l\u00e4uft die Teile-Bestellung ab?<\/summary>\nBei den in CarKit24 gezeigten Artikeln handelt es sich um Angebote auf eBay. Der Verkauf und Versand der Ware findet durch die jeweils aufgef\u00fchrten Verk\u00e4ufer und gem\u00e4\u00df ihren Konditionen statt.<br>\nNachdem du in CarKit24 die gew\u00fcnschten Artikel in den Warenkorb gelegt hast, wirst du\nf\u00fcr die Bestellung zu eBay.de weitergeleitet. Die Artikel werden dabei automatisch in den eBay-Warenkorb gelegt.\nUm die Bestellung abzuschlie\u00dfen, musst du dich auf eBay.de mit deinem Benutzerkonto einloggen (Falls du nicht bereits eingeloggt bist).\nAnschlie\u00dfend kann der Kauf get\u00e4tigt werden. Die Zahlungsabwicklung erfolgt ebenfalls \u00fcber eBay und \u00fcber die dort angebotenen Bezahlmethoden.\n<\/details>\n\n\n\n<details>\n<summary>Ben\u00f6tige ich ein eBay-Konto?<\/summary>\nUm Bestellungen durchf\u00fchren zu k\u00f6nnen, ben\u00f6tigst du ein eigenes eBay-Konto.\nUnter <a href=\"https:\/\/www.ebay.de\/help\/account\/signing-ebay-account\/ein-ebaykonto-anmelden?id=4191\" target=\"_blank\" rel=\"noopener\">diesem Link<\/a> findest du weitere Informationen.\n<\/details>\n\n\n\n<details>\n<summary>Was ist eBay Plus?<\/summary>\nMit eBay Plus erhalten K\u00e4ufer gegen eine j\u00e4hrliche Grundgeb\u00fchr von 19,90 \u20ac zus\u00e4tzliche Leistungen wie kostenlosen Premiumversand und R\u00fcckversand. \n<br>Alle Informationen dazu findest du unter \n<a href=\"https:\/\/www.ebay.de\/ebayplus\/home\" target=\"_blank\" rel=\"noopener\">diesem Link<\/a>\n<\/details>\n<\/div>\n<\/div>\n\n<\/div><\/div>","protected":false},"excerpt":{"rendered":"<p>H\u00e4ufige Fragen Was ist CarKit24? CarKit24 ist eine Webanwendung, die entwickelt wurde, um die Reparatur-Abwicklung in Kfz-Werkst\u00e4tten zu vereinfachen und zu verbessern. Von der Fahrzeug-Identifizierung, \u00fcber die pr\u00e4zise Ermittlung passender Ersatzteile bis hin zur Erstellung eines Kostenvoranschlags und der Teilebestellung. Benutzerfreundlich, einfach und schnell. Wie unterscheidet sich CarKit24 von klassischen Teilekatalogen? Wir pr\u00fcfen markt\u00fcbliche Teiledaten &#8230; <a title=\"FAQ\" class=\"read-more\" href=\"https:\/\/www.carkit24.com\/en\/faq\/\" aria-label=\"Read more about FAQ\">Read more<\/a><\/p>","protected":false},"author":1,"featured_media":0,"parent":0,"menu_order":0,"comment_status":"closed","ping_status":"closed","template":"","meta":{"_seopress_robots_primary_cat":"","_seopress_titles_title":"","_seopress_titles_desc":"","_seopress_robots_index":"yes","footnotes":""},"class_list":["post-2940","page","type-page","status-publish"],"_links":{"self":[{"href":"https:\/\/www.carkit24.com\/en\/wp-json\/wp\/v2\/pages\/2940","targetHints":{"allow":["GET"]}}],"collection":[{"href":"https:\/\/www.carkit24.com\/en\/wp-json\/wp\/v2\/pages"}],"about":[{"href":"https:\/\/www.carkit24.com\/en\/wp-json\/wp\/v2\/types\/page"}],"author":[{"embeddable":true,"href":"https:\/\/www.carkit24.com\/en\/wp-json\/wp\/v2\/users\/1"}],"replies":[{"embeddable":true,"href":"https:\/\/www.carkit24.com\/en\/wp-json\/wp\/v2\/comments?post=2940"}],"version-history":[{"count":50,"href":"https:\/\/www.carkit24.com\/en\/wp-json\/wp\/v2\/pages\/2940\/revisions"}],"predecessor-version":[{"id":3501,"href":"https:\/\/www.carkit24.com\/en\/wp-json\/wp\/v2\/pages\/2940\/revisions\/3501"}],"wp:attachment":[{"href":"https:\/\/www.carkit24.com\/en\/wp-json\/wp\/v2\/media?parent=2940"}],"curies":[{"name":"wp","href":"https:\/\/api.w.org\/{rel}","templated":true}]}}