{"id":102,"date":"2020-08-27T09:47:15","date_gmt":"2020-08-27T07:47:15","guid":{"rendered":"http:\/\/www.carkit24.com\/?page_id=102"},"modified":"2026-04-22T09:56:17","modified_gmt":"2026-04-22T07:56:17","slug":"preise","status":"publish","type":"page","link":"https:\/\/www.carkit24.com\/en\/preise\/","title":{"rendered":"Pricing"},"content":{"rendered":"<div class=\"gb-container gb-container-1c45a355\"><div class=\"gb-inside-container\">\n<div class=\"gb-grid-wrapper gb-grid-wrapper-9972d43a\">\n<div class=\"gb-grid-column gb-grid-column-5cb70616\"><div class=\"gb-container gb-container-5cb70616\"><div class=\"gb-inside-container\"><\/div><\/div><\/div>\n<\/div>\n<\/div><\/div>\n\n<div class=\"gb-container gb-container-56e503ab\"><div class=\"gb-inside-container\">\n<div class=\"gb-grid-wrapper gb-grid-wrapper-852ed096\">\n<div class=\"gb-grid-column gb-grid-column-363e92dd\"><div class=\"gb-container gb-container-363e92dd price-col\"><div class=\"gb-inside-container\">\n<div class=\"gb-container gb-container-65cd648d\"><div class=\"gb-inside-container\">\n\n<h2 class=\"wp-block-heading has-text-align-left\">Features<\/h2>\n\n\n\n<details>\n    <summary class=\"ck-blue strong\"><span class=\"icon-check-square-o ck-blue2\"><\/span> Repair packages<\/summary>\n  Aftermarket part sets for common wear and tear repair cases with all necessary parts, \n<br>labour values and price calculation. <a href=\"http:\/\/www.carkit24.com\/en\/tour\/#rp\" target=\"_blank\" rel=\"noopener noreferrer\">Details<\/a>\n<\/details>\n\n\n\n<details>\n    <summary class=\"ck-blue strong\"><span class=\"icon-check-square-o ck-blue2\"><\/span> Part-Finder<\/summary>\nPassende Ersatzteile finden statt suchen. Mit verbesserter Passgenauigkeit \u00fcber OE-Referenz. <a href=\"http:\/\/www.carkit24.com\/en\/tour\/#partfinder\" target=\"_blank\" rel=\"noopener\">Details<\/a>\n<\/details>\n\n\n\n<details>\n    <summary class=\"ck-blue\"><span class=\"icon-check-square-o ck-blue2\"><\/span> <strong>Angebote von \u00fcber 400 H\u00e4ndlern<\/strong><\/summary>\nAuflistung passender Teile-Angebote von \u00fcber 400 Top-H\u00e4ndlern in einer App. Einfach vergleichen und bestellen.\n<\/details>\n\n\n\n<p class=\"has-ck-darkblue-color has-text-color\"><span class=\"icon-check-square-o ck-blue2\"><\/span> <strong>Arbeitswerte<\/strong><\/p>\n\n\n\n<p class=\"has-ck-darkblue-color has-text-color\"><span class=\"icon-check-square-o ck-blue2\"><\/span> Warenkorb + Bestellfunktion<\/p>\n\n\n\n<p class=\"has-ck-darkblue-color has-text-color\"><span class=\"icon-check-square-o ck-blue2\"><\/span> Vehicle identification and <a style=\"text-decoration:underline;\" href=\"http:\/\/www.carkit24.com\/en\/tour\/#vin-info\" target=\"_blank\" rel=\"noopener noreferrer\">details (via VIN)<\/a> <\/p>\n\n\n\n<p class=\"has-ck-darkblue-color has-text-color\"><span class=\"icon-check-square-o ck-blue2\"><\/span> Fahrzeug-Identifikation per HSN\/TSN<\/p>\n\n\n\n<p class=\"has-ck-darkblue-color has-text-color\"><span class=\"icon-check-square-o ck-blue2\"><\/span>Grafische Teileauswahl<\/p>\n\n\n\n<details>\n    <summary class=\"ck-blue\"><span class=\"icon-check-square-o ck-blue2\"><\/span> Estimate \/ Quote<\/summary>\nKostenvoranschlag mit automatischer Reparaturkalkulation inklusive Arbeitswerten mit nur einem Klick. <a href=\"http:\/\/www.carkit24.com\/en\/tour\/#kva\" target=\"_blank\" rel=\"noopener\">Details<\/a>\n<\/details>\n\n\n\n<details>\n    <summary class=\"ck-blue\"><span class=\"icon-check-square-o ck-blue2\"><\/span> Including many upcoming features!<\/summary>\nWir haben noch viel vor. Neue H\u00e4ndleranbindungen und neue Funktionen, um den Werkstatt-Alltag zu vereinfachen. Dir fehlt eine Funktion? Wir freuen uns auf dein Feedback. Schreib uns doch eine <a href=\"http:\/\/www.carkit24.com\/en\/kontakt\/\" target=\"_blank\" rel=\"noopener\">Message<\/a>\n<\/details>\n\n\n\n<div style=\"height:40px\" aria-hidden=\"true\" class=\"wp-block-spacer\"><\/div>\n\n<\/div><\/div>\n<\/div><\/div><\/div>\n\n<div class=\"gb-grid-column gb-grid-column-ce312ed4\"><div class=\"gb-container gb-container-ce312ed4 price-col\"><div class=\"gb-inside-container\">\n<div class=\"gb-container gb-container-8540d454\"><div class=\"gb-inside-container\">\n\n<h2 class=\"wp-block-heading\"><s>25 \u20ac<\/s>  <span class=\"ck-blue2\">19,90 \u20ac \/ Monat<\/span><br><span style=\"display:block;margin-top:-10px;font-weight:bold;font-size:14px;\"><\/span><\/h2>\n\n\n\n<h3 class=\"wp-block-heading\">1 Jahr Preisgarantie bei Anmeldung bis 31.06her.2026<span style=\"display:block;margin-top:-10px;font-weight:bold;font-size:14px;\"><\/span><\/h3>\n\n\n\n<ul class=\"ck-pricing\"><li><br><strong>Kostenlose Fahrzeug-Identifizierung per VIN<\/strong><br><strong>bei Teilebestellung ab 80 \u20ac<\/strong><br><span style=\"font-size:14px;\">(unter 80 \u20ac Bestellwert: 2\u20ac pro Fahrzeug)<\/span><\/li><\/ul>\n\n\n\n<details>\n    <summary class=\"ck-blue\"><span class=\"icon-angle-right\" ck-blue2\"=\"\"><\/span> Details<\/summary>\nDie erste VIN-Abfrage ist kostenlos. F\u00fcr jede weitere VIN-Abfrage f\u00e4llt eine Geb\u00fchr in H\u00f6he von 2,00 \u20ac an. \nBei einer Warenbestellung in H\u00f6he von mindestens 80 \u20ac Netto ist die zugeh\u00f6rige VIN-Abfrage kostenlos.\nDas CarKit24-Abo kann durch den Nutzer jederzeit mit einer Frist von 14 Tagen zum Monatsende \u00fcber den Link in den Kontoeinstellungen oder per E-Mail an support@carkit24.com gek\u00fcndigt werden. <small>Preise zzgl. MwSt<\/small>\n<\/details>\n\n\n\n<p class=\"has-ck-darkblue-color has-text-color\"><strong>Unlimited part search<\/strong><\/p>\n\n\n\n<p class=\"has-ck-darkblue-color has-text-color\"><strong>Ohne Vertragslaufzeit &#8211; monatlich k\u00fcndbar<\/strong><\/p>\n\n\n\n<p class=\"has-ck-darkblue-color has-text-color\"><strong>Aktion: 1 Monat Grundgeb\u00fchr geschenkt<\/strong><\/p>\n\n\n<div class=\"gb-button-wrapper gb-button-wrapper-0de183b0\">\n\n<a class=\"gb-button gb-button-58a61423 gb-button-text\" href=\"\/en\/anmeldung\/\" rel=\"nofollow\"><strong>Start free trial<\/strong><\/a>\n\n<\/div>\n<\/div><\/div>\n<\/div><\/div><\/div>\n<\/div>\n<\/div><\/div>\n\n<div class=\"gb-container gb-container-9e237085\"><div class=\"gb-inside-container\">\n\n<div class=\"wp-block-columns is-layout-flex wp-container-core-columns-is-layout-9d6595d7 wp-block-columns-is-layout-flex\">\n<div class=\"wp-block-column is-vertically-aligned-bottom is-layout-flow wp-block-column-is-layout-flow\">\n<div style=\"height:150px\" aria-hidden=\"true\" class=\"wp-block-spacer ck-hidemobile\"><\/div>\n\n\n\n<h2 class=\"wp-block-heading has-text-align-center ck-text-bg-fade500 has-white-color has-text-color\"><strong>For Workshops<\/strong><br>CarKit24 <\/h2>\n<\/div>\n<\/div>\n\n<\/div><\/div>\n\n<div class=\"gb-container gb-container-9910a0b6\" id=\"kundenstimmen\"><div class=\"gb-inside-container\">\n\n<h2 class=\"has-text-align-center has-white-color has-text-color wp-block-heading\">What our customers say<\/h2>\n\n\n\n<p> <\/p>\n\n\n<div class=\"gb-grid-wrapper gb-grid-wrapper-2a87721a\">\n<div class=\"gb-grid-column gb-grid-column-6fae364d\"><div class=\"gb-container gb-container-6fae364d\"><div class=\"gb-inside-container\">\n\n<h3 class=\"wp-block-heading has-text-align-center has-white-color has-text-color\">&#8222;Super in der Anwendung&#8220;<\/h3>\n\n\n\n<p class=\"has-text-align-center has-white-color has-text-color\">&#8222;Mit wenigen Klicks ein Angebot (KVA) erstellen.&#8220;<br><span style=\"font-size:12px;\">P. Gawel, KFZ-Service, N\u00f6rten-Hardenberg<\/span><\/p>\n\n<\/div><\/div><\/div>\n\n<div class=\"gb-grid-column gb-grid-column-d77dd8f4\"><div class=\"gb-container gb-container-d77dd8f4\"><div class=\"gb-inside-container\">\n\n<h3 class=\"wp-block-heading has-text-align-center has-white-color has-text-color\">&#8222;Schnell und einfach&#8220;<\/h3>\n\n\n\n<p class=\"has-text-align-center has-white-color has-text-color\">&#8222;Schnell und einfach die passenden H\u00e4ndlerangebote finden.&#8220;<br><span style=\"font-size:12px;\">U. Allmeroth, Kfz-Meisterbetrieb, Frielendorf<\/span><\/p>\n\n<\/div><\/div><\/div>\n\n<div class=\"gb-grid-column gb-grid-column-967c7485\"><div class=\"gb-container gb-container-967c7485\"><div class=\"gb-inside-container\">\n\n<h3 class=\"wp-block-heading has-text-align-center has-white-color has-text-color\">&#8222;Sehr pr\u00e4zise&#8220;<\/h3>\n\n\n\n<p class=\"has-text-align-center has-white-color has-text-color\">&#8222;Die Teilezuordnung \u00fcber Fahrgestellnummer <br>ist sehr pr\u00e4zise.&#8220;<br><span style=\"font-size:12px;\">T. Heinemann, Gerhard und Figge GmbH, Waldeck-H\u00f6ringhausen<\/span> <\/p>\n\n<\/div><\/div><\/div>\n\n<div class=\"gb-grid-column gb-grid-column-fb5ad2ca\"><div class=\"gb-container gb-container-fb5ad2ca\"><div class=\"gb-inside-container\">\n\n<h3 class=\"wp-block-heading has-text-align-center has-white-color has-text-color\">&#8222;Find ich klasse&#8220;<\/h3>\n\n\n\n<p class=\"has-text-align-center has-white-color has-text-color\">&#8222;Suche \u00fcber Fahrgestellnummer <br>finde ich klasse.&#8220;<br><span style=\"font-size:12px;\">A. Voth, Kfz Werkstatt Auto-Plus, Hauneck<\/span> <\/p>\n\n<\/div><\/div><\/div>\n<\/div>\n<\/div><\/div>\n\n<div class=\"gb-container gb-container-329c1bc0\" id=\"live\"><div class=\"gb-inside-container\">\n<div class=\"gb-grid-wrapper gb-grid-wrapper-1bade038\">\n<div class=\"gb-grid-column gb-grid-column-326e3925\"><div class=\"gb-container gb-container-326e3925\"><div class=\"gb-inside-container\">\n\n<h2 class=\"wp-block-heading has-text-align-center has-white-color has-text-color\">Live-Demo<\/h2>\n\n\n\n<h3 class=\"gb-headline gb-headline-cc39e184 gb-headline-text\">Kurze Vorstellung der App per Online-Meeting. <br>K<strong>ostenlos<\/strong> und unverbindlich.<br><br><\/h3>\n\n\n<div class=\"gb-button-wrapper gb-button-wrapper-1b4b6d51\">\n\n<a class=\"gb-button gb-button-f7e867b3 gb-button-text\" href=\"http:\/\/www.carkit24.com\/en\/kontakt\/\"><strong>Jetzt Termin vereinbaren<\/strong><\/a>\n\n<\/div>\n<\/div><\/div><\/div>\n<\/div>\n<\/div><\/div>","protected":false},"excerpt":{"rendered":"","protected":false},"author":1,"featured_media":0,"parent":0,"menu_order":0,"comment_status":"closed","ping_status":"closed","template":"","meta":{"_seopress_robots_primary_cat":"","_seopress_titles_title":"CarKit24 - Preise","_seopress_titles_desc":"","_seopress_robots_index":"","footnotes":""},"class_list":["post-102","page","type-page","status-publish"],"_links":{"self":[{"href":"https:\/\/www.carkit24.com\/en\/wp-json\/wp\/v2\/pages\/102","targetHints":{"allow":["GET"]}}],"collection":[{"href":"https:\/\/www.carkit24.com\/en\/wp-json\/wp\/v2\/pages"}],"about":[{"href":"https:\/\/www.carkit24.com\/en\/wp-json\/wp\/v2\/types\/page"}],"author":[{"embeddable":true,"href":"https:\/\/www.carkit24.com\/en\/wp-json\/wp\/v2\/users\/1"}],"replies":[{"embeddable":true,"href":"https:\/\/www.carkit24.com\/en\/wp-json\/wp\/v2\/comments?post=102"}],"version-history":[{"count":572,"href":"https:\/\/www.carkit24.com\/en\/wp-json\/wp\/v2\/pages\/102\/revisions"}],"predecessor-version":[{"id":3967,"href":"https:\/\/www.carkit24.com\/en\/wp-json\/wp\/v2\/pages\/102\/revisions\/3967"}],"wp:attachment":[{"href":"https:\/\/www.carkit24.com\/en\/wp-json\/wp\/v2\/media?parent=102"}],"curies":[{"name":"wp","href":"https:\/\/api.w.org\/{rel}","templated":true}]}}